{"id":8827,"date":"2022-05-19T08:29:15","date_gmt":"2022-05-19T08:29:15","guid":{"rendered":"https:\/\/zlatiborbasket.rs\/?page_id=8827"},"modified":"2025-01-17T15:26:05","modified_gmt":"2025-01-17T15:26:05","slug":"location","status":"publish","type":"page","link":"https:\/\/zlatiborbasket.rs\/en\/location\/","title":{"rendered":"Location"},"content":{"rendered":"<p>[et_pb_section fb_built=&#8221;1&#8243; admin_label=&#8221;Header&#8221; _builder_version=&#8221;4.17.4&#8243; _module_preset=&#8221;default&#8221; use_background_color_gradient=&#8221;on&#8221; background_color_gradient_direction=&#8221;270deg&#8221; background_color_gradient_stops=&#8221;rgba(0,0,0,0) 55%|#ffffff 55%&#8221; background_color_gradient_overlays_image=&#8221;on&#8221; background_color_gradient_start=&#8221;rgba(0,0,0,0)&#8221; background_color_gradient_start_position=&#8221;50%&#8221; background_color_gradient_end=&#8221;#ffffff&#8221; background_color_gradient_end_position=&#8221;50%&#8221; background_image=&#8221;https:\/\/zlatiborbasket.rs\/wp-content\/uploads\/2022\/05\/page-title-background.jpeg&#8221; background_position=&#8221;top_center&#8221; locked=&#8221;off&#8221; global_colors_info=&#8221;{}&#8221;][et_pb_row column_structure=&#8221;3_4,1_4&#8243; _builder_version=&#8221;4.19.4&#8243; _module_preset=&#8221;default&#8221; z_index=&#8221;140&#8243; custom_padding=&#8221;||0px|||&#8221; global_colors_info=&#8221;{}&#8221;][et_pb_column type=&#8221;3_4&#8243; _builder_version=&#8221;4.19.4&#8243; _module_preset=&#8221;default&#8221; background_color=&#8221;#E66F03&#8243; custom_padding=&#8221;50px|50px|50px|50px|true|true&#8221; custom_padding_tablet=&#8221;40px|30px|40px|30px|true|true&#8221; custom_padding_phone=&#8221;|20px||20px|false|true&#8221; custom_padding_last_edited=&#8221;on|phone&#8221; mix_blend_mode=&#8221;multiply&#8221; animation_style=&#8221;slide&#8221; animation_direction=&#8221;right&#8221; animation_duration=&#8221;700ms&#8221; animation_delay=&#8221;300ms&#8221; animation_intensity_slide=&#8221;15%&#8221; animation_duration_tablet=&#8221;0ms&#8221; animation_duration_phone=&#8221;&#8221; animation_duration_last_edited=&#8221;on|tablet&#8221; animation_delay_tablet=&#8221;0ms&#8221; animation_delay_phone=&#8221;&#8221; animation_delay_last_edited=&#8221;on|tablet&#8221; animation_intensity_slide_tablet=&#8221;0%&#8221; animation_intensity_slide_phone=&#8221;&#8221; animation_intensity_slide_last_edited=&#8221;on|tablet&#8221; global_colors_info=&#8221;{}&#8221;][et_pb_text _builder_version=&#8221;4.19.5&#8243; _module_preset=&#8221;default&#8221; header_font=&#8221;Montserrat|900||on|||||&#8221; header_text_color=&#8221;#FFFFFF&#8221; header_font_size=&#8221;91px&#8221; header_line_height=&#8221;0.7em&#8221; text_orientation=&#8221;right&#8221; custom_margin_tablet=&#8221;|||0px|false|false&#8221; custom_margin_last_edited=&#8221;off|desktop&#8221; header_font_size_tablet=&#8221;60px&#8221; header_font_size_phone=&#8221;30px&#8221; header_font_size_last_edited=&#8221;on|phone&#8221; locked=&#8221;off&#8221; global_colors_info=&#8221;{}&#8221;]<\/p>\n<h1 style=\"text-align: left;\">Location<\/h1>\n<p>[\/et_pb_text][et_pb_text _builder_version=&#8221;4.19.5&#8243; _module_preset=&#8221;default&#8221; text_text_color=&#8221;#FFFFFF&#8221; text_font_size=&#8221;17px&#8221; header_font=&#8221;||||||||&#8221; header_4_font=&#8221;Syncopate|700||on|||||&#8221; header_4_text_color=&#8221;#000000&#8243; header_4_font_size=&#8221;14px&#8221; header_4_line_height=&#8221;1.8em&#8221; header_4_font_size_tablet=&#8221;14px&#8221; header_4_font_size_phone=&#8221;12px&#8221; header_4_font_size_last_edited=&#8221;on|desktop&#8221; locked=&#8221;off&#8221; global_colors_info=&#8221;{}&#8221;]<\/p>\n<p>Zlatibor, the crown jewel of Serbia, is situated a little over 200 kilometers southwest of Belgrade. The concept of a basketball camp was conceived in 1972 on this particular mountain. In order to be ready to defend their Yugoslav title, Crvena Zvezda&#8217;s coach Bratislav Bata \u0110or\u0111evi\u0107 and famous basketball enthusiast Mihailo Miki Pavi\u0107evi\u0107 came up with the plan for\u00a0a camp where kids could practice and learn the sport while having a great time.<\/p>\n<p>[\/et_pb_text][\/et_pb_column][et_pb_column type=&#8221;1_4&#8243; _builder_version=&#8221;4.17.4&#8243; _module_preset=&#8221;default&#8221; global_colors_info=&#8221;{}&#8221;][\/et_pb_column][\/et_pb_row][\/et_pb_section][et_pb_section fb_built=&#8221;1&#8243; _builder_version=&#8221;4.17.4&#8243; _module_preset=&#8221;default&#8221; global_colors_info=&#8221;{}&#8221;][et_pb_row _builder_version=&#8221;4.17.4&#8243; _module_preset=&#8221;default&#8221; global_colors_info=&#8221;{}&#8221;][et_pb_column type=&#8221;4_4&#8243; _builder_version=&#8221;4.17.4&#8243; _module_preset=&#8221;default&#8221; global_colors_info=&#8221;{}&#8221;][et_pb_text _builder_version=&#8221;4.19.5&#8243; _module_preset=&#8221;default&#8221; custom_padding=&#8221;||0px|||&#8221; global_colors_info=&#8221;{}&#8221;]<\/p>\n<p>Our campsite has been a part of our camp&#8217;s history for many years. Surrounded by nature on one of Serbia&#8217;s most beautiful and prominent mountains, we teach the game to the next generation while also honoring the legacy of our region&#8217;s greatest basketball players.<\/p>\n<h3><em>Why Zlatibor?<\/em><\/h3>\n<p>Zlatibor is Serbia&#8217;s greatest serpentine massif, with Tornik as its highest point (1496 meters). Zlatibor is one of the most magnificent mountains in Serbia due to the many rivers, streams, and ravines that traverse it. The Illyrians were the first people to settle in the Zlatibor region; the Romans ruled the area at the turn of the common era; and Slavs began to settle in the area beginning in the 9th century. Stefan Nemanja annexed Zlatibor and the city of U\u017eice to the newly founded Serbian state in 1180, transforming them into cultural centers steeped in history and tradition.<\/p>\n<p>Incredible natural scenery may be found over every corner of Zlatibor. Zlatibor&#8217;s southern region is crossed by the mighty Uvac River, known for its deep bank and breathtaking gorges. Crni Rzav springs just below the northwest parts of Murtenica and winds its way across the plateau&#8217;s midsection. Su\u0161ica, a river that runs north, is so named because its water evaporates in the summer and vanishes into the limestone. Veliki Rzav defines the eastern border of the mountain. Zlatibor is home to a plethora of rivers as well as two man-made lakes. A larger one in Ribnica\u00a0is located on the Crni Rzav River and is around 10 square kilometers in size.<\/p>\n<p>\u010cajetina, the town and administrative center, is an integral aspect of the municipality, since it is home to one of the most prosperous communities in all of Serbia. Surrounded by the mountains of Gradina, Omanica, \u010cajetinsko brdo, La\u0111evac, Karaula, and Palisad, it is at an elevation of roughly 850 meters above sea level. Located on the northern slopes of Zlatibor, the town had a tumultuous history but eventually became a major diplomatic hub for Serbia and Montenegro in the 19th century.<\/p>\n<p>You may find a wealth of local wit and tales in this picturesque town. The library, a keeper of both history and the future, is housed in one of the city&#8217;s oldest and most aesthetically pleasing structures, and its collection of more than 50,000 volumes is cause for great pride. Another crown jewel of \u010cajetina is its cultural and arts society &#8220;Zlatibor&#8221;.<\/p>\n<p>The church of St. Archangel Gabriel, an Orthodox temple located in the heart of \u010cajetina, is notable for the variety of cultural and historical artifacts it houses.<\/p>\n<p>The spirit of competition is not forgotten in \u010cajetina. There are several basketball and sports courts available to both recreational and professional athletes, as well as a premier sports hall that was restored and refurbished in 2019 and hosts the ABA league. Basketball clubs from all around the world, both professional and amateur, send their players here for pre-season training.<\/p>\n<p>\u010cajetina is a wonderful complement to urban Zlatibor and, with its rich history, vibrant social scene, and abundance of recreational opportunities, it is a must-see for every traveler to this area of Serbia.<\/p>\n<p>[\/et_pb_text][et_pb_text _builder_version=&#8221;4.24.0&#8243; _module_preset=&#8221;default&#8221; hover_enabled=&#8221;0&#8243; global_colors_info=&#8221;{}&#8221; sticky_enabled=&#8221;0&#8243;]<\/p>\n<h2 style=\"text-align: center;\">THE &#8220;RAJEVAC&#8221; SPORTS CENTER WILL ACCOMMODATE CAMP 2025 PARTICIPANTS.<\/h2>\n<p>[\/et_pb_text][\/et_pb_column][\/et_pb_row][\/et_pb_section][et_pb_section fb_built=&#8221;1&#8243; admin_label=&#8221;Footer&#8221; _builder_version=&#8221;4.16&#8243; _module_preset=&#8221;default&#8221; global_module=&#8221;8671&#8243; saved_tabs=&#8221;all&#8221; locked=&#8221;off&#8221; global_colors_info=&#8221;{}&#8221;][et_pb_row column_structure=&#8221;1_3,1_3,1_3&#8243; use_custom_gutter=&#8221;on&#8221; gutter_width=&#8221;1&#8243; make_equal=&#8221;on&#8221; _builder_version=&#8221;4.19.4&#8243; _module_preset=&#8221;default&#8221; global_colors_info=&#8221;{}&#8221;][et_pb_column type=&#8221;1_3&#8243; _builder_version=&#8221;4.16&#8243; _module_preset=&#8221;default&#8221; custom_padding=&#8221;|40px|||false|false&#8221; custom_padding_tablet=&#8221;|0px|40px||false|false&#8221; custom_padding_phone=&#8221;&#8221; custom_padding_last_edited=&#8221;on|phone&#8221; global_colors_info=&#8221;{}&#8221;][et_pb_blurb title=&#8221;CONTACT US&#8221; use_icon=&#8221;on&#8221; font_icon=&#8221;&#xe00b;||divi||400&#8243; icon_color=&#8221;#000a30&#8243; icon_placement=&#8221;left&#8221; image_icon_width=&#8221;23px&#8221; _builder_version=&#8221;4.17.4&#8243; _module_preset=&#8221;default&#8221; header_font=&#8221;|600|||||||&#8221; header_text_color=&#8221;#000a30&#8243; header_font_size=&#8221;23px&#8221; custom_margin=&#8221;||20px||false|false&#8221; global_colors_info=&#8221;{}&#8221;][\/et_pb_blurb][et_pb_text _builder_version=&#8221;4.19.5&#8243; _module_preset=&#8221;default&#8221; text_font=&#8221;Syncopate||||||||&#8221; text_text_color=&#8221;#000a30&#8243; text_font_size=&#8221;15px&#8221; text_line_height=&#8221;1.5em&#8221; link_text_color=&#8221;#000000&#8243; custom_margin=&#8221;15px||32px|||&#8221; locked=&#8221;off&#8221; global_colors_info=&#8221;{}&#8221;]<\/p>\n<p><a href=\"tel:+381698668668\">+381 69 866 866 8<\/a><\/p>\n<p>[\/et_pb_text][et_pb_blurb title=&#8221;ADDRESS&#8221; use_icon=&#8221;on&#8221; font_icon=&#8221;&#xe081;||divi||400&#8243; icon_color=&#8221;#000a30&#8243; icon_placement=&#8221;left&#8221; image_icon_width=&#8221;23px&#8221; _builder_version=&#8221;4.17.4&#8243; _module_preset=&#8221;default&#8221; header_font=&#8221;|600|||||||&#8221; header_text_color=&#8221;#000a30&#8243; header_font_size=&#8221;23px&#8221; custom_margin=&#8221;||20px||false|false&#8221; global_colors_info=&#8221;{}&#8221;][\/et_pb_blurb][et_pb_text _builder_version=&#8221;4.17.4&#8243; _module_preset=&#8221;default&#8221; text_font=&#8221;Syncopate||||||||&#8221; text_text_color=&#8221;#000a30&#8243; text_line_height=&#8221;1.5em&#8221; link_text_color=&#8221;#000000&#8243; custom_margin=&#8221;1px||32px|||&#8221; global_colors_info=&#8221;{}&#8221;]<\/p>\n<div class=\"footer-contact-us-div\">\n<p>Academic basketball camp &#8220;Professor Aleksandar Nikoli\u0107&#8221; &#8211; Zlatibor<\/p>\n<\/div>\n<p>[\/et_pb_text][et_pb_blurb title=&#8221;E-MAIL&#8221; use_icon=&#8221;on&#8221; font_icon=&#8221;&#xf0e0;||fa||900&#8243; icon_color=&#8221;#000a30&#8243; icon_placement=&#8221;left&#8221; image_icon_width=&#8221;23px&#8221; _builder_version=&#8221;4.19.5&#8243; _module_preset=&#8221;default&#8221; header_font=&#8221;|600|||||||&#8221; header_text_color=&#8221;#000a30&#8243; header_font_size=&#8221;23px&#8221; custom_margin=&#8221;||20px||false|false&#8221; global_colors_info=&#8221;{}&#8221;][\/et_pb_blurb][et_pb_text _builder_version=&#8221;4.19.5&#8243; _module_preset=&#8221;default&#8221; text_font=&#8221;Syncopate||||||||&#8221; text_text_color=&#8221;#000a30&#8243; text_line_height=&#8221;1.5em&#8221; link_text_color=&#8221;#000000&#8243; custom_margin=&#8221;1px||32px|||&#8221; global_colors_info=&#8221;{}&#8221;]<\/p>\n<div class=\"footer-contact-us-div\">\n<div class=\"footer-contact-us-div\">\n<p><a href=\"mailto:zlatiborbasket@yahoo.com\">zlatiborbasket@yahoo.com<\/a><\/p>\n<\/div>\n<\/div>\n<p>[\/et_pb_text][\/et_pb_column][et_pb_column type=&#8221;1_3&#8243; _builder_version=&#8221;4.19.4&#8243; _module_preset=&#8221;default&#8221; background_color=&#8221;#E66F03&#8243; custom_padding=&#8221;50px|50px|50px|50px|true|true&#8221; custom_padding_tablet=&#8221;&#8221; custom_padding_phone=&#8221;20px|20px|20px|20px|true|true&#8221; custom_padding_last_edited=&#8221;on|phone&#8221; global_colors_info=&#8221;{%22gcid-5fba0126-308f-4f42-aa94-6c5d80831bca%22:%91%93}&#8221;][et_pb_text _builder_version=&#8221;4.17.4&#8243; _module_preset=&#8221;default&#8221; header_font=&#8221;||||||||&#8221; header_3_text_color=&#8221;#FFFFFF&#8221; header_4_font=&#8221;Syncopate|700||on|||||&#8221; header_4_text_color=&#8221;#FFFFFF&#8221; header_4_font_size=&#8221;14px&#8221; header_4_line_height=&#8221;1.8em&#8221; max_width=&#8221;550px&#8221; custom_margin=&#8221;||15px||false|false&#8221; header_4_font_size_tablet=&#8221;14px&#8221; header_4_font_size_phone=&#8221;12px&#8221; header_4_font_size_last_edited=&#8221;on|desktop&#8221; locked=&#8221;off&#8221; global_colors_info=&#8221;{}&#8221;]<\/p>\n<h3><strong>SITE MAP<\/strong><\/h3>\n<p>[\/et_pb_text][et_pb_text _builder_version=&#8221;4.23.1&#8243; _module_preset=&#8221;default&#8221; text_font=&#8221;||||||||&#8221; text_text_color=&#8221;#FFFFFF&#8221; text_font_size=&#8221;15px&#8221; text_line_height=&#8221;1.4em&#8221; link_font=&#8221;||||||||&#8221; link_text_align=&#8221;left&#8221; link_text_color=&#8221;#FFFFFF&#8221; link_font_size=&#8221;18px&#8221; link_line_height=&#8221;1.4em&#8221; text_font_size_tablet=&#8221;15px&#8221; text_font_size_phone=&#8221;14px&#8221; text_font_size_last_edited=&#8221;on|desktop&#8221; link_text_align_tablet=&#8221;&#8221; link_text_align_phone=&#8221;left&#8221; link_text_align_last_edited=&#8221;on|phone&#8221; link_font_size_tablet=&#8221;14px&#8221; link_font_size_phone=&#8221;17px&#8221; link_font_size_last_edited=&#8221;on|phone&#8221; locked=&#8221;off&#8221; global_colors_info=&#8221;{}&#8221;]<\/p>\n<p><a href=\"https:\/\/zlatiborbasket.rs\/en\/\">HOME<\/a><\/p>\n<p><a href=\"https:\/\/zlatiborbasket.rs\/en\/season-2024\/\">SEASON 2024.<\/a><\/p>\n<p><a href=\"https:\/\/zlatiborbasket.rs\/en\/about-us\/\">ABOUT US<\/a><\/p>\n<p><a href=\"https:\/\/zlatiborbasket.rs\/en\/application\/\">APPLICATION<\/a><\/p>\n<p><a href=\"https:\/\/zlatiborbasket.rs\/en\/gallery\/\">GALLERIES<\/a><\/p>\n<p><a href=\"https:\/\/zlatiborbasket.rs\/en\/location\/\">LOCATION<\/a><\/p>\n<p><a href=\"https:\/\/zlatiborbasket.rs\/en\/contact\/\">CONTACT<\/a><\/p>\n<p>[\/et_pb_text][\/et_pb_column][et_pb_column type=&#8221;1_3&#8243; _builder_version=&#8221;4.17.4&#8243; _module_preset=&#8221;default&#8221; background_color=&#8221;#000a30&#8243; custom_padding=&#8221;100px||50px|50px|false|false&#8221; custom_padding_tablet=&#8221;&#8221; custom_padding_phone=&#8221;20px|20px|20px|20px|true|true&#8221; custom_padding_last_edited=&#8221;on|phone&#8221; box_shadow_style=&#8221;preset4&#8243; box_shadow_horizontal=&#8221;250px&#8221; box_shadow_vertical=&#8221;0px&#8221; box_shadow_color=&#8221;#000a30&#8243; box_shadow_horizontal_tablet=&#8221;0px&#8221; box_shadow_horizontal_phone=&#8221;&#8221; box_shadow_horizontal_last_edited=&#8221;on|phone&#8221; global_colors_info=&#8221;{%22gcid-5fba0126-308f-4f42-aa94-6c5d80831bca%22:%91%93,%22gcid-659417ab-e651-462e-aeeb-08590c0ad506%22:%91%93}&#8221;][et_pb_divider color=&#8221;#E66F03&#8243; divider_weight=&#8221;23px&#8221; divider_weight_tablet=&#8221;0px&#8221; divider_weight_phone=&#8221;&#8221; divider_weight_last_edited=&#8221;on|phone&#8221; _builder_version=&#8221;4.19.4&#8243; _module_preset=&#8221;default&#8221; background_color=&#8221;#000a30&#8243; positioning=&#8221;absolute&#8221; width=&#8221;100%&#8221; box_shadow_style=&#8221;preset4&#8243; box_shadow_horizontal=&#8221;250px&#8221; box_shadow_vertical=&#8221;0px&#8221; box_shadow_color=&#8221;#FFFFFF&#8221; box_shadow_horizontal_tablet=&#8221;0px&#8221; box_shadow_horizontal_phone=&#8221;&#8221; box_shadow_horizontal_last_edited=&#8221;on|tablet&#8221; box_shadow_color_last_edited=&#8221;off|tablet&#8221; global_colors_info=&#8221;{}&#8221; divider_weight__hover_enabled=&#8221;off|desktop&#8221;][\/et_pb_divider][et_pb_text _builder_version=&#8221;4.17.4&#8243; _module_preset=&#8221;default&#8221; text_text_color=&#8221;#FFFFFF&#8221; text_font_size=&#8221;16px&#8221; min_height=&#8221;55.4px&#8221; custom_padding=&#8221;0px|0px||||&#8221; global_colors_info=&#8221;{}&#8221;]<\/p>\n<p><span>We are here to assist you whether you are just starting out or are an experienced player looking to take your game to the next level.<\/span><\/p>\n<p>[\/et_pb_text][et_pb_social_media_follow icon_color=&#8221;#FFFFFF&#8221; use_icon_font_size=&#8221;on&#8221; icon_font_size=&#8221;27px&#8221; _builder_version=&#8221;4.19.5&#8243; _module_preset=&#8221;default&#8221; text_orientation=&#8221;left&#8221; custom_margin=&#8221;30px|||-10px|false|false&#8221; global_colors_info=&#8221;{}&#8221;][et_pb_social_media_follow_network social_network=&#8221;facebook&#8221; url=&#8221;https:\/\/www.facebook.com\/zlatiborbasket&#8221; use_icon_font_size=&#8221;on&#8221; icon_font_size=&#8221;25px&#8221; _builder_version=&#8221;4.17.4&#8243; _module_preset=&#8221;default&#8221; background_enable_color=&#8221;off&#8221; global_colors_info=&#8221;{}&#8221; follow_button=&#8221;off&#8221; url_new_window=&#8221;on&#8221;]facebook[\/et_pb_social_media_follow_network][et_pb_social_media_follow_network social_network=&#8221;instagram&#8221; url=&#8221;https:\/\/www.instagram.com\/zlatiborbasket\/&#8221; use_icon_font_size=&#8221;on&#8221; icon_font_size=&#8221;25px&#8221; _builder_version=&#8221;4.17.4&#8243; _module_preset=&#8221;default&#8221; background_color=&#8221;#ea2c59&#8243; background_enable_color=&#8221;off&#8221; global_colors_info=&#8221;{}&#8221; follow_button=&#8221;off&#8221; url_new_window=&#8221;on&#8221;]instagram[\/et_pb_social_media_follow_network][et_pb_social_media_follow_network social_network=&#8221;linkedin&#8221; url=&#8221;https:\/\/www.linkedin.com\/company\/zlatibor-basket\/?viewAsMember=true&#8221; use_icon_font_size=&#8221;on&#8221; icon_font_size=&#8221;25px&#8221; _builder_version=&#8221;4.17.4&#8243; _module_preset=&#8221;default&#8221; background_color=&#8221;#a82400&#8243; background_enable_color=&#8221;off&#8221; global_colors_info=&#8221;{}&#8221; follow_button=&#8221;off&#8221; url_new_window=&#8221;on&#8221;]linkedin[\/et_pb_social_media_follow_network][et_pb_social_media_follow_network social_network=&#8221;yelp&#8221; url=&#8221;https:\/\/invite.viber.com\/?g2=AQBhy7EFBPLboU9qeHMxFHKaVBLg9nzU25tNFPAc7SxZ4VWujG%2BlD4tJPUKvenER&#8221; icon_color=&#8221;RGBA(255,255,255,0)&#8221; _builder_version=&#8221;4.17.4&#8243; _module_preset=&#8221;default&#8221; background_color=&#8221;#a82400&#8243; background_enable_color=&#8221;off&#8221; background_image=&#8221;https:\/\/zlatiborbasket.rs\/wp-content\/uploads\/2022\/07\/vib-120.png&#8221; background_enable_image=&#8221;on&#8221; custom_css_social_icon=&#8221;background-size: 28px 28px !important;||background-repeat: no-repeat;||background-position: center;&#8221; global_colors_info=&#8221;{}&#8221; follow_button=&#8221;off&#8221; url_new_window=&#8221;on&#8221;]yelp[\/et_pb_social_media_follow_network][et_pb_social_media_follow_network social_network=&#8221;youtube&#8221; url=&#8221;https:\/\/www.youtube.com\/@ZlatiborBasket&#8221; use_icon_font_size=&#8221;on&#8221; icon_font_size=&#8221;25px&#8221; _builder_version=&#8221;4.19.4&#8243; _module_preset=&#8221;default&#8221; background_color=&#8221;#a82400&#8243; background_enable_color=&#8221;off&#8221; global_colors_info=&#8221;{}&#8221; follow_button=&#8221;off&#8221; url_new_window=&#8221;on&#8221;]youtube[\/et_pb_social_media_follow_network][\/et_pb_social_media_follow][et_pb_code disabled_on=&#8221;on|on|on&#8221; _builder_version=&#8221;4.19.5&#8243; _module_preset=&#8221;default&#8221; text_orientation=&#8221;left&#8221; custom_margin=&#8221;|||23%|false|false&#8221; custom_padding=&#8221;||||false|false&#8221; text_orientation_tablet=&#8221;&#8221; text_orientation_phone=&#8221;center&#8221; text_orientation_last_edited=&#8221;on|phone&#8221; disabled=&#8221;on&#8221; locked=&#8221;off&#8221; global_colors_info=&#8221;{}&#8221;]\n<div role=\"navigation\" aria-label=\"Language Switcher\" class=\"wpml-ls-statics-shortcode_actions wpml-ls wpml-ls-legacy-list-horizontal\">\n\t<ul><li class=\"wpml-ls-slot-shortcode_actions wpml-ls-item wpml-ls-item-en wpml-ls-current-language wpml-ls-first-item wpml-ls-item-legacy-list-horizontal\">\n\t\t\t\t<a href=\"https:\/\/zlatiborbasket.rs\/en\/\" hreflang=\"en\" lang=\"en\" class=\"wpml-ls-link\" aria-current=\"page\" aria-label=\"Switch to English\" title=\"Switch to English\">\n\t\t\t\t\t                                    <img decoding=\"async\"\n            class=\"wpml-ls-flag\"\n            src=\"https:\/\/zlatiborbasket.rs\/wp-content\/plugins\/sitepress-multilingual-cms\/res\/flags\/en.png\"\n            alt=\"English\"\n            loading=\"lazy\"\n            width=22\n            height=16\n    \/><\/a>\n\t\t\t<\/li><li class=\"wpml-ls-slot-shortcode_actions wpml-ls-item wpml-ls-item-sr wpml-ls-last-item wpml-ls-item-legacy-list-horizontal\">\n\t\t\t\t<a href=\"https:\/\/zlatiborbasket.rs\/\" hreflang=\"sr\" lang=\"sr\" class=\"wpml-ls-link\" aria-label=\"Switch to Serbian\" title=\"Switch to Serbian\">\n\t\t\t\t\t                                    <img decoding=\"async\"\n            class=\"wpml-ls-flag\"\n            src=\"https:\/\/zlatiborbasket.rs\/wp-content\/plugins\/sitepress-multilingual-cms\/res\/flags\/sr.png\"\n            alt=\"Serbian\"\n            loading=\"lazy\"\n            width=22\n            height=16\n    \/><\/a>\n\t\t\t<\/li><\/ul>\n<\/div>\n[\/et_pb_code][\/et_pb_column][\/et_pb_row][\/et_pb_section]<\/p>\n","protected":false},"excerpt":{"rendered":"<p>LocationZlatibor, the crown jewel of Serbia, is situated a little over 200 kilometers southwest of Belgrade. The concept of a basketball camp was conceived in 1972 on this particular mountain. In order to be ready to defend their Yugoslav title, Crvena Zvezda&#8217;s coach Bratislav Bata \u0110or\u0111evi\u0107 and famous basketball enthusiast Mihailo Miki Pavi\u0107evi\u0107 came up [&hellip;]<\/p>\n","protected":false},"author":3,"featured_media":7953,"parent":0,"menu_order":0,"comment_status":"closed","ping_status":"closed","template":"","meta":{"_et_pb_use_builder":"on","_et_pb_old_content":"","_et_gb_content_width":"","footnotes":""},"class_list":["post-8827","page","type-page","status-publish","has-post-thumbnail","hentry"],"_links":{"self":[{"href":"https:\/\/zlatiborbasket.rs\/en\/wp-json\/wp\/v2\/pages\/8827","targetHints":{"allow":["GET"]}}],"collection":[{"href":"https:\/\/zlatiborbasket.rs\/en\/wp-json\/wp\/v2\/pages"}],"about":[{"href":"https:\/\/zlatiborbasket.rs\/en\/wp-json\/wp\/v2\/types\/page"}],"author":[{"embeddable":true,"href":"https:\/\/zlatiborbasket.rs\/en\/wp-json\/wp\/v2\/users\/3"}],"replies":[{"embeddable":true,"href":"https:\/\/zlatiborbasket.rs\/en\/wp-json\/wp\/v2\/comments?post=8827"}],"version-history":[{"count":7,"href":"https:\/\/zlatiborbasket.rs\/en\/wp-json\/wp\/v2\/pages\/8827\/revisions"}],"predecessor-version":[{"id":12801,"href":"https:\/\/zlatiborbasket.rs\/en\/wp-json\/wp\/v2\/pages\/8827\/revisions\/12801"}],"wp:featuredmedia":[{"embeddable":true,"href":"https:\/\/zlatiborbasket.rs\/en\/wp-json\/wp\/v2\/media\/7953"}],"wp:attachment":[{"href":"https:\/\/zlatiborbasket.rs\/en\/wp-json\/wp\/v2\/media?parent=8827"}],"curies":[{"name":"wp","href":"https:\/\/api.w.org\/{rel}","templated":true}]}}